{"id":10738,"date":"2025-07-07T17:52:59","date_gmt":"2025-07-07T17:52:59","guid":{"rendered":"https:\/\/regorholding.com\/refurbished-electronics\/?post_type=product&#038;p=10738"},"modified":"2025-07-07T17:53:00","modified_gmt":"2025-07-07T17:53:00","slug":"iphone-xs-gold-256gb","status":"publish","type":"product","link":"https:\/\/regorholding.com\/refurbished-electronics\/product\/iphone-xs-gold-256gb\/","title":{"rendered":"iPhone Xs Gold 256Gb"},"content":{"rendered":"<p><strong>IPHONE XS GOLD 256GB<\/strong><\/p>\n<ul class=\"wp-block-list\">\n<li><strong>Chip:<br \/><\/strong>A12 Bionic chip, next-generation Neural Engine<\/li>\n<\/ul>\n<ul>\n<li><strong>Display:<br \/><\/strong>5.8-inch (diagonal) OLED Multi-Touch screen without frame, HDR.<br \/>2436 x 1125 pixel resolution at 458 ppi, 1,000,000: 1 contrast ratio (typical).<br \/>The iPhone XS screen has rounded corners that follow the phone\u2019s sleek curved design, and the corners are within a standard rectangle. When measured as a standard rectangle, the screen is 5.85 inches diagonally (actual viewing area is smaller).<\/li>\n<\/ul>\n<ul>\n<li><strong>Camera:<\/strong><br \/>12 MP wide-angle and telephoto dual cameras<br \/>Wide angle: \u0192 \/ 1.8 aperture<br \/>Telephoto: \u0192 \/ 2.4 aperture<br \/>2x optical zoom; up to 10x digital zoom<br \/>Double optical image stabilization<br \/>Quad-LED True Tone flash with slow sync<br \/>Panoramic photos (up to 63 MP)<\/li>\n<\/ul>\n<ul>\n<li><strong>TrueDepth Camera:<br \/><\/strong>7 MP camera, \u0192 \/ 2.2 aperture<br \/>1080p HD video recording at 30 fps or 60 fps<br \/>Cinematic Video Stabilization (1080p and 720p)<br \/>Timer mode<br \/>Facial recognition<\/li>\n<\/ul>\n<ul>\n<li><strong>Video Recording:<br \/><\/strong>4K video recording at 24 fps, 30 fps or 60 fps<br \/>1080p HD video recording at 30 fps or 60 fps<br \/>720p HD video recording at 30 fps<br \/>Optical Image Stabilization for Video<br \/>2x optical zoom; up to 6x digital zoom<br \/>Slow motion video support of 1080p at 120 fps or 240 fps<br \/>Take 8 MP photos while recording 4K videos<br \/>Video recording in HEVC and H.264 formats<\/li>\n<\/ul>\n<ul>\n<li><strong>Connections:<br \/><\/strong>Gigabit-class LTE with 4 \u00d7 4 MIMO and LAA4<br \/>Wi-Fi 802.11ac with 2 \u00d7 2 MIMO<br \/>Bluetooth 5.0 wireless technology<br \/>NFC with read mode<br \/>Express cards with reserve charge<br \/>Assisted GPS, GLONASS, Galileo and QZSS<br \/>Cellular network<\/li>\n<\/ul>\n<ul>\n<li><strong>Battery:<br \/><\/strong>Built-in rechargeable lithium-ion battery<br \/>Wireless charging (works with Qi chargers) 9<br \/>Charging via the USB port of a computer or with a power adapter<br \/>Up to 30 minutes more battery life than iPhone X<\/li>\n<\/ul>\n<ul>\n<li><strong>Sensors:<br \/><\/strong>Face ID<br \/>Barometer<br \/>Three axis gyroscope<br \/>Accelerometer<br \/>Proximity sensor<br \/>Ambient light sensor<\/li>\n<\/ul>\n<p>\u00a0<\/p>\n<p><strong>Purchase content:<\/strong> Iphone Xs 256GB, Hands-free, Charger, Data Cable, Quick Start Guide, 12-month warranty.<\/p>\n<p>By making the purchase, you are confirming that you have read and accepted the terms and conditions described on the official website of <strong>BlackBull Shop<\/strong>.<\/p>\n<p><strong>PERU:<\/strong>\u00a0 Si un cliente est\u00e1 registrado como casa comercializadora deber\u00e1 gestionar su propio certificado de Homologaci\u00f3n, de lo contrario no se podr\u00e1 enviar la orden.<\/p>\n","protected":false},"excerpt":{"rendered":"<ul>\n<li><strong>Chip Apple A12 Bionic<\/strong><\/li>\n<li><strong>Storage 256GB<\/strong><\/li>\n<li><strong>OS iOS 12<\/strong><\/li>\n<li><strong>5.8 \u201d (OLED) Display<\/strong><\/li>\n<li><strong>Resolution 2,436 x 1,125 pixels<\/strong><\/li>\n<li><strong>Main Camera 12MP\u00a0 f\/1.8 y f\/2.4 aperture<\/strong><\/li>\n<li><strong>Front Camera 7MP f\/2.2\u00a0 aperture Face ID.<\/strong><\/li>\n<li><strong>Size 143.6 x 70.9 x 7.7 mm<\/strong><\/li>\n<li><strong>Splash resistant<\/strong><\/li>\n<li><strong>Color Gold<\/strong><\/li>\n<li><strong>12-month warranty * Terms and Conditions apply.<\/strong><\/li>\n<li><strong>Registration and guarantee by the seller.<\/strong><\/li>\n<\/ul>\n<p>Delivery time of 2-10 business days \/ International shipping.<\/p>\n","protected":false},"featured_media":27756,"comment_status":"closed","ping_status":"closed","template":"","meta":{"pagelayer_contact_templates":[],"_pagelayer_content":""},"product_brand":[],"product_cat":[156],"product_tag":[],"class_list":{"0":"post-10738","1":"product","2":"type-product","3":"status-publish","4":"has-post-thumbnail","6":"product_cat-iphone-smartphones","8":"first","9":"instock","10":"sale","11":"shipping-taxable","12":"purchasable","13":"product-type-simple"},"_links":{"self":[{"href":"https:\/\/regorholding.com\/refurbished-electronics\/wp-json\/wp\/v2\/product\/10738","targetHints":{"allow":["GET"]}}],"collection":[{"href":"https:\/\/regorholding.com\/refurbished-electronics\/wp-json\/wp\/v2\/product"}],"about":[{"href":"https:\/\/regorholding.com\/refurbished-electronics\/wp-json\/wp\/v2\/types\/product"}],"replies":[{"embeddable":true,"href":"https:\/\/regorholding.com\/refurbished-electronics\/wp-json\/wp\/v2\/comments?post=10738"}],"wp:featuredmedia":[{"embeddable":true,"href":"https:\/\/regorholding.com\/refurbished-electronics\/wp-json\/wp\/v2\/media\/27756"}],"wp:attachment":[{"href":"https:\/\/regorholding.com\/refurbished-electronics\/wp-json\/wp\/v2\/media?parent=10738"}],"wp:term":[{"taxonomy":"product_brand","embeddable":true,"href":"https:\/\/regorholding.com\/refurbished-electronics\/wp-json\/wp\/v2\/product_brand?post=10738"},{"taxonomy":"product_cat","embeddable":true,"href":"https:\/\/regorholding.com\/refurbished-electronics\/wp-json\/wp\/v2\/product_cat?post=10738"},{"taxonomy":"product_tag","embeddable":true,"href":"https:\/\/regorholding.com\/refurbished-electronics\/wp-json\/wp\/v2\/product_tag?post=10738"}],"curies":[{"name":"wp","href":"https:\/\/api.w.org\/{rel}","templated":true}]}}