{"id":13232,"date":"2025-07-07T17:52:33","date_gmt":"2025-07-07T17:52:33","guid":{"rendered":"https:\/\/regorholding.com\/refurbished-electronics\/?post_type=product&#038;p=13232"},"modified":"2025-07-07T17:52:34","modified_gmt":"2025-07-07T17:52:34","slug":"iphone-7-32gb-gold-wireless-headphones-12-months-warranty","status":"publish","type":"product","link":"https:\/\/regorholding.com\/refurbished-electronics\/product\/iphone-7-32gb-gold-wireless-headphones-12-months-warranty\/","title":{"rendered":"iPhone 7 32GB Gold  + Wireless Headphones \u2013 12 months warranty"},"content":{"rendered":"<p><strong>RENEWED PRODUCT Better than new\u2026!<\/strong><\/p>\n<p>\u2026This product has been reconditioned, tested and recertified to ensure proper function and excellent cosmetic condition.<br \/>Savings in your hands!<\/p>\n<ul>\n<li>Warranty for 12 months directly with the supplier, not with the brand.<\/li>\n<li>Product in excellent cosmetic condition (no scratches or other imperfections).<\/li>\n<li>Battery with capacity above 90%.<\/li>\n<li>Product with original box and accessories.<\/li>\n<\/ul>\n<p>***WARRANTY 12 MONTHS * FREE RETURN SHIPPING***<\/p>\n<p><strong>IPHONE 7 GOLD 32GB\u00a0<\/strong><\/p>\n<\/p>\n<ul class=\"wp-block-list\">\n<li><strong>Chip:<\/strong><br \/>Chip A10 Fusion<\/li>\n<\/ul>\n<ul>\n<li><strong>Display:<\/strong><br \/>Retina HD display<br \/>4.7-inch (diagonal) widescreen LCD Multi-Touch display with IPS technology<br \/>1334 x 750 pixel resolution at 326 ppi<br \/>Contrast ratio 1400: 1 (typical)<\/li>\n<\/ul>\n<ul>\n<li><strong>Camera:<\/strong><br \/>12 MP camera<br \/>\u0191 \/ 1.8 aperture<br \/>Up to 5x digital zoom<br \/>Optical image stabilization<br \/>Quad-LED True Tone Flash<br \/>Panoramic photos (up to 63 MP)<br \/>One-touch focus with Focus Pixels<\/li>\n<\/ul>\n<ul>\n<li><strong>Facetime HD Camera:<\/strong><br \/>7 MP camera, \u0192 \/ 2.2 aperture<br \/>1080p HD video recording<br \/>Auto HDR<br \/>Timer mode<br \/>Automatic image stabilization<\/li>\n<\/ul>\n<ul>\n<li><strong>Video Recording:<\/strong><br \/>4K 30 fps video recording<br \/>1080p HD video recording at 30 fps or 60 fps<br \/>720p HD video recording at 30 fps<br \/>Optical Image Stabilization for Video<br \/>Slo-mo video support for 1080p at 120 fps and 720p at 240 fps<br \/>Take 8 MP photos while recording 4K videos<br \/>Video recording in HEVC and H.264 formats<\/li>\n<\/ul>\n<ul>\n<li><strong>Conections:<\/strong><br \/>GSM \/ EDGE (850, 900, 1800, 1900 MHz)<br \/>802.11ac Wi-Fi with MIMO<br \/>Bluetooth 4.2 wireless technology<br \/>NFC with read mode<br \/>Express Cards<\/li>\n<\/ul>\n<ul>\n<li><strong>Battery:<\/strong><br \/>Built-in rechargeable lithium-ion battery<br \/>Charging via the USB port of a computer or with a power adapter<br \/>Up to 2 hours more battery life than iPhone 6s<\/li>\n<\/ul>\n<ul>\n<li><strong>Sensors:<\/strong><br \/>Touch ID fingerprint sensor<br \/>Barometer<br \/>Three axis gyroscope<br \/>Accelerometer<br \/>Proximity sensor<br \/>Ambient light sensor<\/li>\n<\/ul>\n<p>\u00a0<\/p>\n<\/p>\n<p><strong>WIRELESS HEADPHONES (GIFT)<\/strong><\/p>\n<\/p>\n<p>\u00a0<\/p>\n<ul class=\"wp-block-list\">\n<li><strong>Model:<\/strong> R100<\/li>\n<li><strong>Connection: <\/strong>Bluetooth 4.2<\/li>\n<li><strong>Frequency: <\/strong>4GHZ<\/li>\n<li><strong>Transmission Range:<\/strong> 10MT<\/li>\n<li><strong>Headphones Size:<\/strong> 44 X 16 x 4mm<\/li>\n<li><strong>Charging Case Size:<\/strong> 53 X 42 X 19mm<\/li>\n<li><strong>Color:<\/strong> White<\/li>\n<\/ul>\n<ul class=\"wp-block-list\">\n<li><strong>One-touch button activation:<\/strong><br \/>Button on the top of the headphones, one-touch setup:<br \/>3 to 5 seconds to turn on<br \/>One touch to answer calls<br \/>Two taps to end call<br \/>One touch to play \/ pause music<br \/>Press and hold for next song<\/li>\n<\/ul>\n<ul>\n<li><strong>Battery: <\/strong><br \/>45 mAh x 2 + 300 mAh<br \/>Charging time: 1 hour<br \/>Battery Life: 2 to 3 hours<br \/>Power Recharge by Charging Case<br \/>Voltage: 5V<\/li>\n<\/ul>\n<p>\u00a0<\/p>\n<\/p>\n<p><strong>Purchase Content:<\/strong> Iphone 7 32GB + Wireless headphones (Gift), Charger, Data Cable, warranty for 12 months.<\/p>\n<\/p>\n<p>By making the purchase, you are confirming that you have read and accepted the terms and conditions described on the official website of <strong>BlackBull Shop<\/strong>.<\/p>\n<p><strong>PERU:<\/strong>\u00a0 Si un cliente est\u00e1 registrado como casa comercializadora deber\u00e1 gestionar su propio certificado de Homologaci\u00f3n, de lo contrario no se podr\u00e1 enviar la orden.<\/p>\n<p>*Registration and guarantee by the seller.<\/p>\n","protected":false},"excerpt":{"rendered":"<ul>\n<li><strong>Chip Apple A10 Fusion<\/strong><\/li>\n<li><strong>Storage 32 GB<\/strong><\/li>\n<li><strong>OS iOS 12<\/strong><\/li>\n<li><strong>4.7 \u201d Retina HD (LCD Multi-Touch) Display<\/strong><\/li>\n<li><strong>Main Camera 12MP de f\/1.8 aperture<\/strong><\/li>\n<li><strong>Front Camera 7MP f\/2.2 aperture<\/strong><\/li>\n<li><strong>Splash resistant<\/strong><\/li>\n<li><strong>Wireless Headphones<\/strong><\/li>\n<li><strong>Transmission Range: 10MT<\/strong><\/li>\n<li><strong>12-month warranty * Terms and Conditions apply.<\/strong><\/li>\n<li><strong>Registration and guarantee by the seller.<\/strong><\/li>\n<\/ul>\n<p>Delivery time of 2-10 business days \/ International shipping.<\/p>\n","protected":false},"featured_media":27687,"comment_status":"closed","ping_status":"closed","template":"","meta":{"pagelayer_contact_templates":[],"_pagelayer_content":""},"product_brand":[],"product_cat":[156],"product_tag":[],"class_list":{"0":"post-13232","1":"product","2":"type-product","3":"status-publish","4":"has-post-thumbnail","6":"product_cat-iphone-smartphones","8":"first","9":"instock","10":"sale","11":"shipping-taxable","12":"purchasable","13":"product-type-simple"},"_links":{"self":[{"href":"https:\/\/regorholding.com\/refurbished-electronics\/wp-json\/wp\/v2\/product\/13232","targetHints":{"allow":["GET"]}}],"collection":[{"href":"https:\/\/regorholding.com\/refurbished-electronics\/wp-json\/wp\/v2\/product"}],"about":[{"href":"https:\/\/regorholding.com\/refurbished-electronics\/wp-json\/wp\/v2\/types\/product"}],"replies":[{"embeddable":true,"href":"https:\/\/regorholding.com\/refurbished-electronics\/wp-json\/wp\/v2\/comments?post=13232"}],"wp:featuredmedia":[{"embeddable":true,"href":"https:\/\/regorholding.com\/refurbished-electronics\/wp-json\/wp\/v2\/media\/27687"}],"wp:attachment":[{"href":"https:\/\/regorholding.com\/refurbished-electronics\/wp-json\/wp\/v2\/media?parent=13232"}],"wp:term":[{"taxonomy":"product_brand","embeddable":true,"href":"https:\/\/regorholding.com\/refurbished-electronics\/wp-json\/wp\/v2\/product_brand?post=13232"},{"taxonomy":"product_cat","embeddable":true,"href":"https:\/\/regorholding.com\/refurbished-electronics\/wp-json\/wp\/v2\/product_cat?post=13232"},{"taxonomy":"product_tag","embeddable":true,"href":"https:\/\/regorholding.com\/refurbished-electronics\/wp-json\/wp\/v2\/product_tag?post=13232"}],"curies":[{"name":"wp","href":"https:\/\/api.w.org\/{rel}","templated":true}]}}