{"id":15844,"date":"2025-07-07T17:51:56","date_gmt":"2025-07-07T17:51:56","guid":{"rendered":"https:\/\/regorholding.com\/refurbished-electronics\/?post_type=product&#038;p=15844"},"modified":"2025-07-07T17:51:57","modified_gmt":"2025-07-07T17:51:57","slug":"iphone-12-mini-64gb-black-3-months-warranty","status":"publish","type":"product","link":"https:\/\/regorholding.com\/refurbished-electronics\/product\/iphone-12-mini-64gb-black-3-months-warranty\/","title":{"rendered":"iPhone 12 Mini 64GB Black \u2013 3 months warranty"},"content":{"rendered":"<p><strong>RENEWED PRODUCT Better than new\u2026!<\/strong><\/p>\n<p>\u2026This product has been reconditioned, tested and recertified to ensure proper function and excellent cosmetic condition.<br \/> Savings in your hands!<\/p>\n<ul>\n<li>Warranty for 3 months directly with the supplier, not with the brand.<\/li>\n<li>Product in excellent cosmetic condition (no scratches or other imperfections).<\/li>\n<li>Battery with capacity above 80%.<\/li>\n<li>Product with original box and accessories.<\/li>\n<\/ul>\n<p>***WARRANTY 3 MONTHS * FREE RETURN SHIPPING***<\/p>\n<p><strong>IPHONE 12 MINI 64GB BLACK<\/strong><\/p>\n<ul>\n<li><strong>Processor:<\/strong><br \/> A14 Bionic chip, 3rd generation Neural Engine<\/li>\n<\/ul>\n<ul>\n<li><strong>Screen:<\/strong><br \/> 5.4-inch (diagonal) frameless Super Retina XDR OLED Multi-Touch display.<br \/> HDR display, resolution of 2340 x 1080 pixels at 476 ppi.<br \/> Contrast ratio 2,000,000: 1 (typical)<br \/> The iPhone 12 mini screen has rounded corners that follow the phone\u2019s sleek curved design, and the corners are within a standard rectangle. When measured as a standard rectangle, the screen is 5.42 inches diagonally (actual viewing area is smaller).<\/li>\n<\/ul>\n<ul>\n<li><strong>Camera:<\/strong><br \/> 12 MP dual camera system: ultra wide angle and wide angle.<br \/> Ultra wide angle: \u0192 \/ 2.4 aperture and 120 \u00b0 angle of view<br \/> Wide angle: \u0192 \/ 1.6 aperture<br \/> 2x optical zoom to zoom in, 2x optical zoom to zoom out; up to 5x digital zoom<br \/> Five-element lens (ultra-wide angle camera); six element lens (wide angle camera)<br \/> Optical image stabilization (wide angle)<br \/> Brighter True Tone flash with slow sync<br \/> Panoramic photos (up to 63 MP)<\/li>\n<\/ul>\n<ul>\n<li><strong>Truedepth camera:<\/strong><br \/> 12 MP camera, \u0192 \/ 2.2 aperture<br \/> 4K video recording at 24 fps, 30 fps or 60 fps<br \/> 1080p HD video recording at 30 fps or 60 fps<br \/> Cinematic video stabilization (4K, 1080p and 720p)<br \/> 1080p slow motion video at 120 fps<br \/> Retina Flash<br \/> Automatic image stabilization<\/li>\n<\/ul>\n<ul>\n<li><strong>Video recording:<\/strong><br \/> 4K video recording at 24 fps, 30 fps or 60 fps<br \/> 1080p HD video recording at 30 fps or 60 fps<br \/> 720p HD video recording at 30 fps<br \/> Extended dynamic range for video recording at a maximum of 60 fps<br \/> Optical Image Stabilization for Video (Wide Angle Camera)<br \/> 2x optical zoom to zoom in, 2x optical zoom to zoom out; up to 3x digital zoom<br \/> Audio zoom<br \/> 1080p slow motion video at 120 fps or 240 fps<br \/> Fast motion video with stabilization<br \/> Cinematic video stabilization (4K, 1080p and 720p)<br \/> Take 8 MP photos while recording 4K videos<br \/> Video recording in HEVC and H.264 formats<\/li>\n<\/ul>\n<ul>\n<li><strong>Connections:<\/strong><br \/> 5G (sub \u2011 6 GHz) 4<br \/> Gigabit LTE with 4\u00d74 MIMO and LAA4<br \/> Wi-Fi 802.11ax (6th gen.) With 2\u00d72 MIMO<br \/> Bluetooth 5.0 wireless technology<br \/> Ultra-wideband chip for spatial detection5<br \/> NFC with read mode<br \/> Express cards with reserve cargo<\/li>\n<\/ul>\n<ul>\n<li><strong>Battery:<\/strong><br \/> Built-in rechargeable lithium-ion battery<br \/> Wireless charging with Qi chargers up to 7.5W<br \/> Charging via the USB port of a computer or with a power adapter<\/li>\n<\/ul>\n<ul>\n<li><strong>Fast charge:<\/strong><br \/> Up to 50% in 30 minutes11 with a 20W or better adapter (sold separately)<\/li>\n<\/ul>\n<ul>\n<li><strong>Sensors:<\/strong><br \/> Face ID<br \/> Barometer<br \/> Three axis gyroscope<br \/> Accelerometer<br \/> Proximity sensor<br \/> Ambient light sensor<\/li>\n<\/ul>\n<p>\u00a0<\/p>\n<p><strong>Purchase content:<\/strong> iPhone 12 mini 64GB, Data cable, 3-month warranty.<\/p>\n<p>By making the purchase, you are confirming that you have read and accepted the terms and conditions described on the official website of <strong>BlackBull Shop.<\/strong><\/p>\n<p><strong>PERU:<\/strong> Si un cliente est\u00e1 registrado como casa comercializadora deber\u00e1 gestionar su propio certificado de Homologaci\u00f3n, de lo contrario no se podr\u00e1 enviar la orden.<\/p>\n<p>*Registration and guarantee by the seller.<\/p>\n","protected":false},"excerpt":{"rendered":"<ul>\n<li><strong>Processor: Apple A14 Bionic<\/strong><\/li>\n<li><strong>Storage: 64GB<\/strong><\/li>\n<li><strong>Operating System: iOS 14<\/strong><\/li>\n<li><strong>Display: 5.4 \u201dSuper Retina XDR<\/strong><\/li>\n<li><strong>Resolution: 2340 x 1080 pixels<\/strong><\/li>\n<li><strong>Rear Camera: Dual 12MP<\/strong><\/li>\n<li><strong>Front Camera: 12MP Aperture of \u0192 \/ 2.2<\/strong><\/li>\n<li><strong>Dimensions: 131 x 64 x 7 mm<\/strong><\/li>\n<li><strong>Color: black<\/strong><\/li>\n<li><strong>Registration and guarantee by the seller.<\/strong><\/li>\n<\/ul>\n<p>Delivery time of 2-10 business days \/ International shipping.<\/p>\n","protected":false},"featured_media":27599,"comment_status":"closed","ping_status":"closed","template":"","meta":{"pagelayer_contact_templates":[],"_pagelayer_content":""},"product_brand":[],"product_cat":[156],"product_tag":[],"class_list":{"0":"post-15844","1":"product","2":"type-product","3":"status-publish","4":"has-post-thumbnail","6":"product_cat-iphone-smartphones","8":"first","9":"instock","10":"sale","11":"shipping-taxable","12":"purchasable","13":"product-type-simple"},"_links":{"self":[{"href":"https:\/\/regorholding.com\/refurbished-electronics\/wp-json\/wp\/v2\/product\/15844","targetHints":{"allow":["GET"]}}],"collection":[{"href":"https:\/\/regorholding.com\/refurbished-electronics\/wp-json\/wp\/v2\/product"}],"about":[{"href":"https:\/\/regorholding.com\/refurbished-electronics\/wp-json\/wp\/v2\/types\/product"}],"replies":[{"embeddable":true,"href":"https:\/\/regorholding.com\/refurbished-electronics\/wp-json\/wp\/v2\/comments?post=15844"}],"wp:featuredmedia":[{"embeddable":true,"href":"https:\/\/regorholding.com\/refurbished-electronics\/wp-json\/wp\/v2\/media\/27599"}],"wp:attachment":[{"href":"https:\/\/regorholding.com\/refurbished-electronics\/wp-json\/wp\/v2\/media?parent=15844"}],"wp:term":[{"taxonomy":"product_brand","embeddable":true,"href":"https:\/\/regorholding.com\/refurbished-electronics\/wp-json\/wp\/v2\/product_brand?post=15844"},{"taxonomy":"product_cat","embeddable":true,"href":"https:\/\/regorholding.com\/refurbished-electronics\/wp-json\/wp\/v2\/product_cat?post=15844"},{"taxonomy":"product_tag","embeddable":true,"href":"https:\/\/regorholding.com\/refurbished-electronics\/wp-json\/wp\/v2\/product_tag?post=15844"}],"curies":[{"name":"wp","href":"https:\/\/api.w.org\/{rel}","templated":true}]}}