{"id":17622,"date":"2025-07-07T17:50:14","date_gmt":"2025-07-07T17:50:14","guid":{"rendered":"https:\/\/regorholding.com\/refurbished-electronics\/?post_type=product&#038;p=17622"},"modified":"2025-07-07T17:50:15","modified_gmt":"2025-07-07T17:50:15","slug":"iphone-11-128gb-red-12-months-warranty","status":"publish","type":"product","link":"https:\/\/regorholding.com\/refurbished-electronics\/product\/iphone-11-128gb-red-12-months-warranty\/","title":{"rendered":"iPhone 11 128GB Red \u2013 12 months warranty"},"content":{"rendered":"<p><strong>RENEWED PRODUCT Better than new\u2026!<\/strong><\/p>\n<p>\u2026This product has been reconditioned, tested and recertified to ensure proper function and excellent cosmetic condition.<br \/> Savings in your hands!<\/p>\n<ul>\n<li>Warranty for 12 months directly with the supplier, not with the brand.<\/li>\n<li>Product in excellent cosmetic condition (no scratches or other imperfections).<\/li>\n<li>Battery with capacity above 90%.<\/li>\n<li>Product with original box and accessories.<\/li>\n<\/ul>\n<p>***WARRANTY 12 MONTHS * FREE RETURN SHIPPING***<\/p>\n<p><strong>IPHONE 11 RED 128GB<\/strong><\/p>\n<ul>\n<li><strong>Chip:<\/strong><br \/> A13 Bionic chip, 3rd generation Neural Engine<\/li>\n<\/ul>\n<ul>\n<li><strong>Display:<\/strong><br \/> 6.1-inch (diagonal) frameless LCD Multi-Touch LCD with IPS technology<br \/> 1792 x 828 pixel resolution at 326 ppi, 1400: 1 contrast ratio (typical)<br \/> The iPhone 11 screen has rounded corners that follow the phone\u2019s sleek curved design, and the corners are within a standard rectangle. When measured as a standard rectangle, the screen is 6.06 inches diagonally (actual viewing area is less).<\/li>\n<\/ul>\n<ul>\n<li><strong>Camera:<\/strong><br \/> 12 MP dual camera system: ultra wide and wide angle<br \/> Ultra wide angle: \u0192 \/ 2.4 aperture and 120 \u00b0 angle of view<br \/> Wide angle: \u0192 \/ 1.8 aperture<br \/> 2x optical zoom to zoom out; up to 5x digital zoom<br \/> Five element lens (ultra wide angle camera); six element lens (wide angle camera)<br \/> Next-gen Smart HDR for photos<br \/> Brighter True Tone flash with slow sync<br \/> Panoramic photos (up to 63 MP)<\/li>\n<\/ul>\n<ul>\n<li><strong>Truedepth Camera:<\/strong><br \/> 12 MP camera, \u0192 \/ 2.2 aperture<br \/> 4K video recording at 24 fps, 30 fps or 60 fps<br \/> 1080p HD video recording at 30 fps or 60 fps<br \/> Cinematic video stabilization (4K, 1080p and 720p)<br \/> 1080p slow motion video at 120 fps<br \/> Retina Flash<br \/> Automatic image stabilization<\/li>\n<\/ul>\n<ul>\n<li><strong>Video Recording:<\/strong><br \/> 4K video recording at 24 fps, 30 fps or 60 fps<br \/> 1080p HD video recording at 30 fps or 60 fps<br \/> 720p HD video recording at 30 fps<br \/> Extended dynamic range for video recording at a maximum of 60 fps<br \/> Optical Image Stabilization for Video (Wide Angle Camera)<br \/> 2x optical zoom to zoom out; up to 3x digital zoom<br \/> Audio zoom<br \/> 1080p slow motion video at 120 fps or 240 fps<br \/> Fast motion video with stabilization<br \/> Cinematic video stabilization (4K, 1080p and 720p)<br \/> Take 8 MP photos while recording 4K videos<br \/> Video recording in HEVC and H.264 formats<\/li>\n<\/ul>\n<ul>\n<li><strong>Conections:<\/strong><br \/> Gigabit-class LTE with 2\u00d72 MIMO and LAA<br \/> Wi-Fi 6 802.11ax with 2\u00d72 MIMO<br \/> Bluetooth 5.0 wireless technology<br \/> NFC with read mode<br \/> Express cards with reserve charge<br \/> Integrated GPS \/ GNSS<br \/> Cellular network<\/li>\n<\/ul>\n<ul>\n<li><strong>Battery:<\/strong><br \/> Built-in rechargeable lithium-ion battery<br \/> Wireless charging (works with Qi9 chargers<br \/> Charging via the USB port of a computer or with a power adapter<br \/> Up to 1 hour more battery life than iPhone XR<\/li>\n<\/ul>\n<ul>\n<li><strong>Sensors:<\/strong><br \/> Face ID<br \/> Barometer<br \/> Three axis gyroscope<br \/> Accelerometer<br \/> Proximity sensor<br \/> Ambient light sensor<\/li>\n<\/ul>\n<p>\u00a0<\/p>\n<p><strong>Purchase content:<\/strong> iPhone 11 128GB, Data Cable, 12-month warranty.<\/p>\n<p>By making the purchase, you are confirming that you have read and accepted the terms and conditions described on the official website of <strong>BlackBull Shop<\/strong>.<\/p>\n<p><strong>PERU:<\/strong>\u00a0 Si un cliente est\u00e1 registrado como casa comercializadora deber\u00e1 gestionar su propio certificado de Homologaci\u00f3n, de lo contrario no se podr\u00e1 enviar la orden.<\/p>\n<p>*Registration and guarantee by the seller.<\/p>\n","protected":false},"excerpt":{"rendered":"<ul>\n<li><strong>Chip Apple A13 Bionic<\/strong><\/li>\n<li><strong>Storage 128GB<\/strong><\/li>\n<li><strong>OS iOS 13<\/strong><\/li>\n<li><strong>6,1\u201d Liquid Retina HD Display<\/strong><\/li>\n<li><strong>Resolution: 1792 x 828 pixels<\/strong><\/li>\n<li><strong>Main Camera Dual 12MP<\/strong><\/li>\n<li><strong>Front Camera 12MP<\/strong><\/li>\n<li><strong>Size150.9 x 75.7 x 8.3 mm<\/strong><\/li>\n<li><strong>Color Red<\/strong><\/li>\n<li><strong>12-month warranty * Terms and Conditions apply.<\/strong><\/li>\n<li><strong>Registration and guarantee by the seller<\/strong><\/li>\n<\/ul>\n<p>Delivery time of 2-10 business days \/ International shipping.<\/p>\n","protected":false},"featured_media":27354,"comment_status":"closed","ping_status":"closed","template":"","meta":{"pagelayer_contact_templates":[],"_pagelayer_content":""},"product_brand":[],"product_cat":[156],"product_tag":[],"class_list":{"0":"post-17622","1":"product","2":"type-product","3":"status-publish","4":"has-post-thumbnail","6":"product_cat-iphone-smartphones","8":"first","9":"instock","10":"sale","11":"shipping-taxable","12":"purchasable","13":"product-type-simple"},"_links":{"self":[{"href":"https:\/\/regorholding.com\/refurbished-electronics\/wp-json\/wp\/v2\/product\/17622","targetHints":{"allow":["GET"]}}],"collection":[{"href":"https:\/\/regorholding.com\/refurbished-electronics\/wp-json\/wp\/v2\/product"}],"about":[{"href":"https:\/\/regorholding.com\/refurbished-electronics\/wp-json\/wp\/v2\/types\/product"}],"replies":[{"embeddable":true,"href":"https:\/\/regorholding.com\/refurbished-electronics\/wp-json\/wp\/v2\/comments?post=17622"}],"wp:featuredmedia":[{"embeddable":true,"href":"https:\/\/regorholding.com\/refurbished-electronics\/wp-json\/wp\/v2\/media\/27354"}],"wp:attachment":[{"href":"https:\/\/regorholding.com\/refurbished-electronics\/wp-json\/wp\/v2\/media?parent=17622"}],"wp:term":[{"taxonomy":"product_brand","embeddable":true,"href":"https:\/\/regorholding.com\/refurbished-electronics\/wp-json\/wp\/v2\/product_brand?post=17622"},{"taxonomy":"product_cat","embeddable":true,"href":"https:\/\/regorholding.com\/refurbished-electronics\/wp-json\/wp\/v2\/product_cat?post=17622"},{"taxonomy":"product_tag","embeddable":true,"href":"https:\/\/regorholding.com\/refurbished-electronics\/wp-json\/wp\/v2\/product_tag?post=17622"}],"curies":[{"name":"wp","href":"https:\/\/api.w.org\/{rel}","templated":true}]}}