{"id":22298,"date":"2025-07-07T17:46:09","date_gmt":"2025-07-07T17:46:09","guid":{"rendered":"https:\/\/regorholding.com\/refurbished-electronics\/?post_type=product&#038;p=22298"},"modified":"2025-07-07T17:46:11","modified_gmt":"2025-07-07T17:46:11","slug":"mini-portable-dlp-projector-p09ii-wifi-black","status":"publish","type":"product","link":"https:\/\/regorholding.com\/refurbished-electronics\/product\/mini-portable-dlp-projector-p09ii-wifi-black\/","title":{"rendered":"Mini Portable DLP Projector P09II Wifi Black"},"content":{"rendered":"<p><strong>PORTABLE MINI-PROJECTOR DLP P09II BLACK<\/strong><\/p>\n<ul>\n<li><strong>Processor:<\/strong><br \/> Quad Core ARM Cortex-A55<\/li>\n<\/ul>\n<ul>\n<li><strong>Functions:<\/strong><br \/> Compatible with Eshare\/iMirror\/Miracast<br \/> IR remote control<br \/> Built-in touch panel<\/li>\n<\/ul>\n<ul>\n<li><strong>Projection Distance:<\/strong><br \/> 1 to 7mt, Front Projection<\/li>\n<\/ul>\n<ul>\n<li><strong>Projection Area:<\/strong><br \/> from 3 to 200 inches<br \/> Bulb Life: Approximately 20,000 Hours<\/li>\n<\/ul>\n<ul>\n<li><strong>Video Supported:<\/strong><br \/> 4k2k 10bit HEVC\/h.265<br \/> mp4\/avi\/mkv\/mov\/rmvb\/mpg\/flv\/wmv\/ts\/tp\/vob<\/li>\n<\/ul>\n<ul>\n<li><strong>Audio Compatible:<\/strong><br \/> MP3, WMA, MP2, OGG, AAC, M4A, MA4, FLAC, APE, 3GP, WAV<br \/> Headphone or speaker connector 3.5mm Jack<\/li>\n<\/ul>\n<ul>\n<li><strong>Ports:<\/strong><br \/> 1HDMI<br \/> 2 USB (Support USB HDD reading)<br \/> 1 3.5mm Audio Output (for headphones or speakers)<br \/> 1 SD Card (Up to 32GB)<br \/> 1 Micro USB: DC 5V 3A &#038; OTG<\/li>\n<\/ul>\n<ul>\n<li><strong>Connection:<\/strong><br \/> Wi-Fi: 2.4GHz\/5Ghz 802.11a\/b\/g\/n\/ac<br \/> Bluetooth: v4.2<\/li>\n<\/ul>\n<p><strong>Purchase content<\/strong>: P09II Portable Mini-Projector, Power cable, 12-month warranty.<\/p>\n<p>By making the purchase, you are confirming that you have read and accepted the terms and conditions described on the official website of <strong>BlackBull Shop<\/strong>.<\/p>\n<p><strong>PERU:<\/strong> Si un cliente est\u00e1 registrado como casa comercializadora deber\u00e1 gestionar su propio certificado de Homologaci\u00f3n, de lo contrario no se podr\u00e1 enviar la orden. *Registration and guarantee by the seller.<\/p>\n","protected":false},"excerpt":{"rendered":"<ul>\n<li><strong>Projection Technology: DLP (0.2\u201d DMD)<\/strong><\/li>\n<li><strong>Light Range: 65 Lumen<\/strong><\/li>\n<li><strong>Light Type: LED<\/strong><\/li>\n<li><strong>Operating System: Android 9.0<\/strong><\/li>\n<li><strong>Projection Distance: 1 to 7MT<\/strong><\/li>\n<li><strong>Projection Area: 3 to 200\u201d<\/strong><\/li>\n<li><strong>Resolution: 854 x 480<\/strong><\/li>\n<li><strong>Projection Type: Front Projection<\/strong><\/li>\n<li><strong>Dimensions: 14.5cm x 17.5cm x 0.8cm<\/strong><\/li>\n<li><strong>12-month warranty * Terms and Conditions apply.<\/strong><\/li>\n<li><strong>Registration and guarantee by the seller.<\/strong><\/li>\n<\/ul>\n<p>Delivery time of 2-10 business days \/ International shipping.<\/p>\n","protected":false},"featured_media":26951,"comment_status":"closed","ping_status":"closed","template":"","meta":{"pagelayer_contact_templates":[],"_pagelayer_content":""},"product_brand":[],"product_cat":[163],"product_tag":[],"class_list":{"0":"post-22298","1":"product","2":"type-product","3":"status-publish","4":"has-post-thumbnail","6":"product_cat-portable-projectors-projectors","8":"first","9":"instock","10":"sale","11":"shipping-taxable","12":"purchasable","13":"product-type-simple"},"_links":{"self":[{"href":"https:\/\/regorholding.com\/refurbished-electronics\/wp-json\/wp\/v2\/product\/22298","targetHints":{"allow":["GET"]}}],"collection":[{"href":"https:\/\/regorholding.com\/refurbished-electronics\/wp-json\/wp\/v2\/product"}],"about":[{"href":"https:\/\/regorholding.com\/refurbished-electronics\/wp-json\/wp\/v2\/types\/product"}],"replies":[{"embeddable":true,"href":"https:\/\/regorholding.com\/refurbished-electronics\/wp-json\/wp\/v2\/comments?post=22298"}],"wp:featuredmedia":[{"embeddable":true,"href":"https:\/\/regorholding.com\/refurbished-electronics\/wp-json\/wp\/v2\/media\/26951"}],"wp:attachment":[{"href":"https:\/\/regorholding.com\/refurbished-electronics\/wp-json\/wp\/v2\/media?parent=22298"}],"wp:term":[{"taxonomy":"product_brand","embeddable":true,"href":"https:\/\/regorholding.com\/refurbished-electronics\/wp-json\/wp\/v2\/product_brand?post=22298"},{"taxonomy":"product_cat","embeddable":true,"href":"https:\/\/regorholding.com\/refurbished-electronics\/wp-json\/wp\/v2\/product_cat?post=22298"},{"taxonomy":"product_tag","embeddable":true,"href":"https:\/\/regorholding.com\/refurbished-electronics\/wp-json\/wp\/v2\/product_tag?post=22298"}],"curies":[{"name":"wp","href":"https:\/\/api.w.org\/{rel}","templated":true}]}}