{"id":22372,"date":"2025-07-07T17:45:54","date_gmt":"2025-07-07T17:45:54","guid":{"rendered":"https:\/\/regorholding.com\/refurbished-electronics\/?post_type=product&#038;p=22372"},"modified":"2025-07-07T17:45:54","modified_gmt":"2025-07-07T17:45:54","slug":"mini-portable-dlp-projector-s280-gold","status":"publish","type":"product","link":"https:\/\/regorholding.com\/refurbished-electronics\/product\/mini-portable-dlp-projector-s280-gold\/","title":{"rendered":"Mini Portable DLP Projector S280 Gold"},"content":{"rendered":"<p><strong>MINI PORTABLE DLP PROJECTOR S280 GOLD<\/strong><\/p>\n<ul>\n<li><strong>Processor:<\/strong><br \/> Quad-core 64-bit ARM Cortex-A55<\/li>\n<\/ul>\n<ul>\n<li><strong>Projection Distance:<\/strong><br \/> 1 to 4mt, Front Projection<\/li>\n<\/ul>\n<ul>\n<li><strong>Projection Area:<\/strong><br \/> From 10 to 150 inches<br \/> Bulb Life: Approximately 30,000 Hours<\/li>\n<\/ul>\n<ul>\n<li><strong>Supported Video:<\/strong><br \/> mkv, .wmv, .mpg, .mpeg, .dat, .avi, .mov, .iso, .mp4, .rm and .jpg file formats<\/li>\n<\/ul>\n<ul>\n<li><strong>Audio Compatible:<\/strong><br \/> MP3, WMA, MP2, OGG, AAC, M4A, MA4, FLAC, APE, 3GP, WAV<br \/> Headphone or speaker connector 3.5mm Jack<br \/> 2 speakers 1W<\/li>\n<\/ul>\n<ul>\n<li><strong>Ports:<\/strong><br \/> 1 HDMI 1.4<br \/> 2 USB (Support USB HDD reading)<br \/> 1 3.5mm Audio Output (for headphones or speakers)<br \/> 1 DC 5V 2A power connector<\/li>\n<\/ul>\n<ul>\n<li><strong>Connection:<\/strong><br \/> WiFi: 2.4GHz\/5G<br \/> Bluetooth 4.0<\/li>\n<\/ul>\n<ul>\n<li><strong>Battery:<\/strong><br \/> Built-in 10500mAh<br \/> Duration 2.5 hours, approximately<\/li>\n<\/ul>\n<p>\u00a0<\/p>\n<p><strong>Purchase Content: <\/strong>S280 Portable Mini-Projector, Power Cable, 12-Month Warranty.<\/p>\n<p>By making the purchase, you are confirming that you have read and accepted the terms and conditions described on the official website of <strong>BlackBull Shop<\/strong>.<\/p>\n<p><strong>PERU:<\/strong> Si un cliente est\u00e1 registrado como casa comercializadora deber\u00e1 gestionar su propio certificado de Homologaci\u00f3n, de lo contrario no se podr\u00e1 enviar la orden. *Registration and guarantee by the seller.<\/p>\n","protected":false},"excerpt":{"rendered":"<ul>\n<li><strong>Projection Technology: DLP (0.23\u201d DMD)<\/strong><\/li>\n<li><strong>Light Range: 200 Lumen<\/strong><\/li>\n<li><strong>Type of Light: LED<\/strong><\/li>\n<li><strong>Android operating system<\/strong><\/li>\n<li><strong>Storage: 8GB<\/strong><\/li>\n<li><strong>Projection Distance: 1 to 4MT<\/strong><\/li>\n<li><strong>Projection Area: 10 to 150\u201d<\/strong><\/li>\n<li><strong>Resolution: 1280 x 720 (4K Compatible)<\/strong><\/li>\n<li><strong>Projection Type: Front projection<\/strong><\/li>\n<li><strong>Dimensions: 12.8cm x 12.8cm x 3.4cm<\/strong><\/li>\n<li><strong>12-month warranty *Terms and Conditions apply<\/strong><\/li>\n<li><strong>Registration and guarantee by the seller.<\/strong><\/li>\n<\/ul>\n<p>Delivery time of 2-10 business days \/ International shipping.<\/p>\n","protected":false},"featured_media":26911,"comment_status":"closed","ping_status":"closed","template":"","meta":{"pagelayer_contact_templates":[],"_pagelayer_content":""},"product_brand":[],"product_cat":[163],"product_tag":[],"class_list":{"0":"post-22372","1":"product","2":"type-product","3":"status-publish","4":"has-post-thumbnail","6":"product_cat-portable-projectors-projectors","8":"first","9":"instock","10":"sale","11":"shipping-taxable","12":"purchasable","13":"product-type-simple"},"_links":{"self":[{"href":"https:\/\/regorholding.com\/refurbished-electronics\/wp-json\/wp\/v2\/product\/22372","targetHints":{"allow":["GET"]}}],"collection":[{"href":"https:\/\/regorholding.com\/refurbished-electronics\/wp-json\/wp\/v2\/product"}],"about":[{"href":"https:\/\/regorholding.com\/refurbished-electronics\/wp-json\/wp\/v2\/types\/product"}],"replies":[{"embeddable":true,"href":"https:\/\/regorholding.com\/refurbished-electronics\/wp-json\/wp\/v2\/comments?post=22372"}],"wp:featuredmedia":[{"embeddable":true,"href":"https:\/\/regorholding.com\/refurbished-electronics\/wp-json\/wp\/v2\/media\/26911"}],"wp:attachment":[{"href":"https:\/\/regorholding.com\/refurbished-electronics\/wp-json\/wp\/v2\/media?parent=22372"}],"wp:term":[{"taxonomy":"product_brand","embeddable":true,"href":"https:\/\/regorholding.com\/refurbished-electronics\/wp-json\/wp\/v2\/product_brand?post=22372"},{"taxonomy":"product_cat","embeddable":true,"href":"https:\/\/regorholding.com\/refurbished-electronics\/wp-json\/wp\/v2\/product_cat?post=22372"},{"taxonomy":"product_tag","embeddable":true,"href":"https:\/\/regorholding.com\/refurbished-electronics\/wp-json\/wp\/v2\/product_tag?post=22372"}],"curies":[{"name":"wp","href":"https:\/\/api.w.org\/{rel}","templated":true}]}}