{"id":25391,"date":"2025-07-07T17:42:32","date_gmt":"2025-07-07T17:42:32","guid":{"rendered":"https:\/\/regorholding.com\/refurbished-electronics\/?post_type=product&#038;p=25391"},"modified":"2025-07-07T17:42:33","modified_gmt":"2025-07-07T17:42:33","slug":"samsung-galaxy-s21-fe-5g-128gb-white","status":"publish","type":"product","link":"https:\/\/regorholding.com\/refurbished-electronics\/product\/samsung-galaxy-s21-fe-5g-128gb-white\/","title":{"rendered":"Samsung Galaxy S21 FE 5G 128GB White"},"content":{"rendered":"<p><strong>SAMSUNG GALAXY S21 FE 5G 128GB 6GB RAM WHITE<\/strong><\/p>\n<p>The Samsung Galaxy S21 FE 5G is the fan edition of the Galaxy S21 series. It is an Android smartphone with a 6.4-inch AMOLED FHD+ screen with a 120Hz refresh rate. The Galaxy S21 FE comes with a Snapdragon 888 processor, with 6GB of RAM and 128GB of internal storage. The rear camera array of the Galaxy S21 FE consists of a 12MP sensor with OIS, a 12MP ultrawide camera, and an 8MP telephoto camera with OIS, while the selfie camera is 32MP. Powered by a 4,500 mAh fast-charging battery, the Galaxy S21 FE 5G supports wireless charging, has a fingerprint reader under the screen, and comes with One UI 4 based on Android 12 out of the box.<\/p>\n<ul>\n<li><strong>Screen:<\/strong><br \/> Dynamic AMOLED 2X capacitive touchscreen, 1B colors<br \/> 6.4 inches, 20:9<br \/> 1080 x 2400 pixels<br \/> Pixel density 411 ppi<\/li>\n<\/ul>\n<ul>\n<li><strong>Main Chamber:<\/strong><br \/> Triple, 12 MP (f\/1.8, PDAF Dual Pixel, OIS, wide) + 8 MP (f\/2.4, OIS, PDAF, telephoto) + 12 MP (f\/2.2, ultrawide).<br \/> Features dual pixel phase detection autofocus, LED flash, optical image stabilization, 3x optical zoom, AI, geo-tagging, auto-HDR<br \/> Video recording: 8K@24fps, 4K@30\/60fps, 1080p@30\/60\/240fps, 720p@960fps, HDR10+, OIS, EIS, HDR.<\/li>\n<\/ul>\n<ul>\n<li><strong>Frontal camera:<\/strong><br \/> 32MP, f\/2.2, wide, HDR, 1080p@30fps<\/li>\n<\/ul>\n<ul>\n<li><strong>Processor:<\/strong> Qualcomm SM8350 Snapdragon 888 octa-core 2.84GHz<\/li>\n<\/ul>\n<ul>\n<li><strong>Networks:<\/strong><br \/> Single SIM<br \/> 2G GSM 850 \/ 900 \/ 1800 \/ 1900<br \/> 3G HSDPA 850 \/ 900 \/ 1700 (AWS) \/ 1900 \/ 2100<br \/> 4G LTE<br \/> 5G SA\/NSA\/Sub6<br \/> The functions available on the live network depend on the operator\u2019s network situations and the implementation of related services.<\/li>\n<\/ul>\n<ul>\n<li><strong>Connectivity:<\/strong><br \/> Wi-Fi 802.11 a\/b\/g\/n\/ac; Wi-Fi Direct; dual band<br \/> GPS with A-GPS, BDS, GALILEO support<br \/> v5.1 LE, A2DP, aptX<\/li>\n<\/ul>\n<ul>\n<li><strong>Interface:<\/strong><br \/> USB Type-C 2.0 OTG<\/li>\n<\/ul>\n<ul>\n<li><strong>Battery:<\/strong><br \/> 4500 mAh non-removable.<\/li>\n<\/ul>\n<p><strong>Purchase content:<\/strong> Samsung Galaxy S21 FE, data cable, 12-month warranty.<\/p>\n<p>By making the purchase, you are confirming that you have read and accepted the terms and conditions described on the official website of <strong>BlackBull Shop<\/strong>.<\/p>\n<p><strong>PERU:<\/strong> Si un cliente est\u00e1 registrado como casa comercializadora deber\u00e1 gestionar su propio certificado de Homologaci\u00f3n, de lo contrario no se podr\u00e1 enviar la orden.<\/p>\n<p>*Registration and guarantee by the seller.<\/p>\n","protected":false},"excerpt":{"rendered":"<ul>\n<li><strong>Screen: 6.4\u2033 Dynamic AMOLED 2X touchscreen<\/strong><\/li>\n<li><strong>Resolution: 1080 x 2400 pixels<\/strong><\/li>\n<li><strong>Storage: 128GB<\/strong><\/li>\n<li><strong>RAM memory: 6GB<\/strong><\/li>\n<li><strong>Processor: Snapdragon 888<\/strong><\/li>\n<li><strong>Camera: Triple, 12MP+12MP+8MP<\/strong><\/li>\n<li><strong>Front Camera: 32MP<\/strong><\/li>\n<li><strong>Battery: 4500 mAh<\/strong><\/li>\n<li><strong>Operating System: Android 12<\/strong><\/li>\n<li><strong>Dimensions: 155.7 x 74.5 x 7.9mm<\/strong><\/li>\n<li><strong>Warranty for 12 months *Terms and Conditions apply<\/strong><\/li>\n<li><strong>Registration and guarantee by the seller<\/strong><\/li>\n<\/ul>\n<p>Delivery time of 2-10 business days \/ International shipping.<\/p>\n","protected":false},"featured_media":26464,"comment_status":"closed","ping_status":"closed","template":"","meta":{"pagelayer_contact_templates":[],"_pagelayer_content":""},"product_brand":[],"product_cat":[154],"product_tag":[],"class_list":{"0":"post-25391","1":"product","2":"type-product","3":"status-publish","4":"has-post-thumbnail","6":"product_cat-samsung-smartphones","8":"first","9":"instock","10":"sale","11":"shipping-taxable","12":"purchasable","13":"product-type-simple"},"_links":{"self":[{"href":"https:\/\/regorholding.com\/refurbished-electronics\/wp-json\/wp\/v2\/product\/25391","targetHints":{"allow":["GET"]}}],"collection":[{"href":"https:\/\/regorholding.com\/refurbished-electronics\/wp-json\/wp\/v2\/product"}],"about":[{"href":"https:\/\/regorholding.com\/refurbished-electronics\/wp-json\/wp\/v2\/types\/product"}],"replies":[{"embeddable":true,"href":"https:\/\/regorholding.com\/refurbished-electronics\/wp-json\/wp\/v2\/comments?post=25391"}],"wp:featuredmedia":[{"embeddable":true,"href":"https:\/\/regorholding.com\/refurbished-electronics\/wp-json\/wp\/v2\/media\/26464"}],"wp:attachment":[{"href":"https:\/\/regorholding.com\/refurbished-electronics\/wp-json\/wp\/v2\/media?parent=25391"}],"wp:term":[{"taxonomy":"product_brand","embeddable":true,"href":"https:\/\/regorholding.com\/refurbished-electronics\/wp-json\/wp\/v2\/product_brand?post=25391"},{"taxonomy":"product_cat","embeddable":true,"href":"https:\/\/regorholding.com\/refurbished-electronics\/wp-json\/wp\/v2\/product_cat?post=25391"},{"taxonomy":"product_tag","embeddable":true,"href":"https:\/\/regorholding.com\/refurbished-electronics\/wp-json\/wp\/v2\/product_tag?post=25391"}],"curies":[{"name":"wp","href":"https:\/\/api.w.org\/{rel}","templated":true}]}}