{"id":25465,"date":"2025-07-07T17:42:09","date_gmt":"2025-07-07T17:42:09","guid":{"rendered":"https:\/\/regorholding.com\/refurbished-electronics\/?post_type=product&#038;p=25465"},"modified":"2025-07-07T17:42:11","modified_gmt":"2025-07-07T17:42:11","slug":"samsung-galaxy-a52-5g-128gb-blue","status":"publish","type":"product","link":"https:\/\/regorholding.com\/refurbished-electronics\/product\/samsung-galaxy-a52-5g-128gb-blue\/","title":{"rendered":"Samsung Galaxy A52 5G 128GB Blue"},"content":{"rendered":"<p><strong>SAMSUNG GALAXY A52 5G 128GB 6GB RAM BLUE<\/strong><\/p>\n<p>The Samsung Galaxy A52 5G is the variant with connectivity for 5G networks of the Galaxy A52, thanks to the Snapdragon 750G processor on board the smartphone, which is accompanied by 6GB of RAM with 128GB of storage. The rear camera is quadruple, in a 64MP + 12MP + 5MP + 5MP configuration, the front camera is 32 megapixels and its battery is 4500 mAh with support for fast charging. The Galaxy A52 5G also has stereo speakers, an under-screen fingerprint reader, resistance to dust and water, and runs One UI 3.1 based on Android 11.<\/p>\n<ul>\n<li><strong>Display:<\/strong><br \/> Super AMOLED capacitive touchscreen, 16M colors<br \/> 6.5 inches, 20:9<br \/> 1080 x 2400 pixels<br \/> Pixel density 405 ppi<\/li>\n<\/ul>\n<ul>\n<li><strong>Main Camera:<br \/> <\/strong>Quad, 64 MP (f\/1.8, PDAF, OIS, wide) + 12 MP (f\/2.2, ultrawide) + 5 MP (f\/2.4, macro) + 5 MP (f\/2.4, depth).<br \/> Phase detection autofocus, LED flash, AI, geo-tagging, HDR.<br \/> Video recording: 4K@30fps, 1080p@30\/120fps, EIS.<\/li>\n<\/ul>\n<ul>\n<li><strong>Frontal camera:<\/strong><br \/> 32 MP, f\/2.2, wide, 4K@30fps, 1080p@30fps, HDR.<\/li>\n<\/ul>\n<ul>\n<li><strong>Processor:<\/strong> Qualcomm SM7225 Snapdragon 750G octa-core 2.2GHz<\/li>\n<\/ul>\n<ul>\n<li><strong>Networks:<\/strong><br \/> Single SIM<br \/> 2G GSM 850 \/ 900 \/ 1800 \/ 1900<br \/> 3G HSDPA 850 \/ 900 \/ 1700 (AWS) \/ 1900 \/ 2100 HSDPA 850 \/ 900 \/ 1900 \/ 2100<br \/> 4G LTE<br \/> 5G SA\/NSA\/Sub6 B1 \/ B3 \/ B5 \/ B7 \/ B8 \/ B28 \/ B40 \/ B41 \/ B78 \/ B79<br \/> The features available on the live network depend on the operator\u2019s network situations and the implementation of related services.<\/li>\n<\/ul>\n<ul>\n<li><strong>Connectivity:<\/strong><br \/> Wi-Fi 802.11 a\/b\/g\/n\/ac; Wi-Fi Direct; dual band<br \/> GPS with A-GPS, GLONASS, GALILEO, BDS support<br \/> Bluetooth v5.0 LE, A2DP<\/li>\n<\/ul>\n<ul>\n<li><strong>Interface:<br \/> <\/strong>USB Type-C 2.0, OTG<\/li>\n<\/ul>\n<ul>\n<li><strong>Battery:<\/strong><br \/> 4500 mAh non-removable.<\/li>\n<\/ul>\n<p><strong>Purchase content:<\/strong> Samsung Galaxy A52 5G, data cable, 12-month warranty.<\/p>\n<p>By making the purchase, you are confirming that you have read and accepted the terms and conditions described on the official website of <strong>BlackBull Shop<\/strong>.<\/p>\n<p><strong>PERU:<\/strong> Si un cliente est\u00e1 registrado como casa comercializadora deber\u00e1 gestionar su propio certificado de Homologaci\u00f3n, de lo contrario no se podr\u00e1 enviar la orden.<\/p>\n<p>*Registration and guarantee by the seller.<\/p>\n","protected":false},"excerpt":{"rendered":"<ul>\n<li><strong>Display: 6.5\u2033 Super AMOLED touchscreen<\/strong><\/li>\n<li><strong>Resolution: 1080 x 2400 pixels<\/strong><\/li>\n<li><strong>Storage: 128GB<\/strong><\/li>\n<li><strong>RAM memory: 6GB<\/strong><\/li>\n<li><strong>Processor: Snapdragon 750G octa-core 2.2GHz<\/strong><\/li>\n<li><strong>Camera: Quadruple, 64MP+12MP +5MP+5MP<\/strong><\/li>\n<li><strong>Front Camera: 32MP<\/strong><\/li>\n<li><strong>Battery: 4500 mAh<\/strong><\/li>\n<li><strong>Operating System: Android 11<\/strong><\/li>\n<li><strong>Dimensions: 159.9 x 75.1 x 8.4mm<\/strong><\/li>\n<li><strong>12 month warranty *Terms and Conditions apply<\/strong><\/li>\n<li><strong>Registration and guarantee by the seller<\/strong><\/li>\n<\/ul>\n<p>Delivery time of 2-10 business days \/ International shipping.<\/p>\n","protected":false},"featured_media":26408,"comment_status":"closed","ping_status":"closed","template":"","meta":{"pagelayer_contact_templates":[],"_pagelayer_content":""},"product_brand":[],"product_cat":[154],"product_tag":[],"class_list":{"0":"post-25465","1":"product","2":"type-product","3":"status-publish","4":"has-post-thumbnail","6":"product_cat-samsung-smartphones","8":"first","9":"instock","10":"sale","11":"shipping-taxable","12":"purchasable","13":"product-type-simple"},"_links":{"self":[{"href":"https:\/\/regorholding.com\/refurbished-electronics\/wp-json\/wp\/v2\/product\/25465","targetHints":{"allow":["GET"]}}],"collection":[{"href":"https:\/\/regorholding.com\/refurbished-electronics\/wp-json\/wp\/v2\/product"}],"about":[{"href":"https:\/\/regorholding.com\/refurbished-electronics\/wp-json\/wp\/v2\/types\/product"}],"replies":[{"embeddable":true,"href":"https:\/\/regorholding.com\/refurbished-electronics\/wp-json\/wp\/v2\/comments?post=25465"}],"wp:featuredmedia":[{"embeddable":true,"href":"https:\/\/regorholding.com\/refurbished-electronics\/wp-json\/wp\/v2\/media\/26408"}],"wp:attachment":[{"href":"https:\/\/regorholding.com\/refurbished-electronics\/wp-json\/wp\/v2\/media?parent=25465"}],"wp:term":[{"taxonomy":"product_brand","embeddable":true,"href":"https:\/\/regorholding.com\/refurbished-electronics\/wp-json\/wp\/v2\/product_brand?post=25465"},{"taxonomy":"product_cat","embeddable":true,"href":"https:\/\/regorholding.com\/refurbished-electronics\/wp-json\/wp\/v2\/product_cat?post=25465"},{"taxonomy":"product_tag","embeddable":true,"href":"https:\/\/regorholding.com\/refurbished-electronics\/wp-json\/wp\/v2\/product_tag?post=25465"}],"curies":[{"name":"wp","href":"https:\/\/api.w.org\/{rel}","templated":true}]}}