{"id":25469,"date":"2025-07-07T17:42:04","date_gmt":"2025-07-07T17:42:04","guid":{"rendered":"https:\/\/regorholding.com\/refurbished-electronics\/?post_type=product&#038;p=25469"},"modified":"2025-07-07T17:42:05","modified_gmt":"2025-07-07T17:42:05","slug":"samsung-galaxy-a53-5g-128gb-black","status":"publish","type":"product","link":"https:\/\/regorholding.com\/refurbished-electronics\/product\/samsung-galaxy-a53-5g-128gb-black\/","title":{"rendered":"Samsung Galaxy A53 5G 128GB Black"},"content":{"rendered":"<p><strong>SAMSUNG GALAXY A53 5G 128GB 6GB RAM BLACK<\/strong><\/p>\n<p>The Samsung Galaxy A53 5G is the successor to the A52 with a 6.5-inch Super AMOLED screen with FHD+ resolution and a 120Hz refresh rate, protected by Gorilla Glass 5. Inside, we find 6GB of RAM and 128GB of expandable internal storage. The rear camera is quadruple, with 64MP lenses with OIS, 12MP ultrawide, 5MP macro and 5MP depth, with the selfie camera being 32MP. The Galaxy A53 5G is powered by a 5000 mAh fast-charging battery, has stereo speakers, an under-screen fingerprint reader, IP67 water resistance and runs Android 12.<\/p>\n<ul>\n<li><strong>Screen:<\/strong><br \/> Super AMOLED capacitive touchscreen, 16M colors<br \/> 6.5 inches, 20:9<br \/> 1080 x 2400 pixels<br \/> Pixel density 405 ppi<\/li>\n<\/ul>\n<ul>\n<li><strong>Main Chamber:<\/strong><br \/> Quad, 64 MP (f\/1.8, OIS, PDAF, wide) + 12 MP (f\/2.2, ultrawide) + 5 MP (f\/2.4, macro) + 5 MP (f\/2.4, depth).<br \/> Phase detection autofocus, optical image stabilization, LED flash, geo-tagging, HDR.<br \/> Video recording: 4K@30fps, 1080p@30\/60fps, EIS<\/li>\n<\/ul>\n<ul>\n<li><strong>Frontal camera:<\/strong><br \/> 32 MP, f\/2.2, wide, 4K@30fps, 1080p@30fps, HDR<\/li>\n<\/ul>\n<ul>\n<li><strong>Processor:<\/strong> Octa-core 2.4GHz<\/li>\n<\/ul>\n<ul>\n<li><strong>Networks:<\/strong><br \/> Single SIM<br \/> 2G GSM 850 \/ 900 \/ 1800 \/ 1900<br \/> 3G HSDPA 850 \/ 900 \/ 1700 (AWS) \/ 1900 \/ 2100 HSDPA 850 \/ 900 \/ 1900 \/ 2100<br \/> 4G LTE<br \/> 5G SA\/NSA; mmWave<br \/> The features available on the live network depend on the operator\u2019s network situations and the implementation of related services.<\/li>\n<\/ul>\n<ul>\n<li><strong>Connectivity:<\/strong><br \/> Wi-Fi 802.11 a\/b\/g\/n\/ac; Wi-Fi Direct; dual band<br \/> GPS with A-GPS, GLONASS, GALILEO, BDS support<br \/> Bluetooth v5.1 LE, A2DP<\/li>\n<\/ul>\n<ul>\n<li><strong>Interface:<\/strong>USB Type-C 2.0, OTG<\/li>\n<\/ul>\n<ul>\n<li><strong>Battery:<\/strong><br \/> 5000 mAh non-removable.<\/li>\n<\/ul>\n<p><strong>Purchase content:<\/strong> Samsung Galaxy A53 5G, data cable, 12-month warranty.<\/p>\n<p>By making the purchase, you are confirming that you have read and accepted the terms and conditions described on the official website of <strong>BlackBull Shop<\/strong>.<\/p>\n<p><strong>PERU:<\/strong> Si un cliente est\u00e1 registrado como casa comercializadora deber\u00e1 gestionar su propio certificado de Homologaci\u00f3n, de lo contrario no se podr\u00e1 enviar la orden.<\/p>\n<p>*Registration and guarantee by the seller.<\/p>\n","protected":false},"excerpt":{"rendered":"<ul>\n<li><strong>Screen: 6.5\u2033 Super AMOLED touchscreen<\/strong><\/li>\n<li><strong>Resolution: 1080 x 2400 pixels<\/strong><\/li>\n<li><strong>Storage: 128GB<\/strong><\/li>\n<li><strong>RAM memory: 6GB<\/strong><\/li>\n<li><strong>Processor: Octa Core 2.4GHz<\/strong><\/li>\n<li><strong>Camera: Quadruple, 64MP+12MP +5MP+5MP<\/strong><\/li>\n<li><strong>Front Camera: 32MP<\/strong><\/li>\n<li><strong>Battery: 5000 mAh<\/strong><\/li>\n<li><strong>Operating System: Android 12<\/strong><\/li>\n<li><strong>Dimensions: 159.6 x 74.8 x 8.1mm<\/strong><\/li>\n<li><strong>12 month warranty *Terms and Conditions apply<\/strong><\/li>\n<li><strong>Registration and guarantee by the seller<\/strong><\/li>\n<\/ul>\n<p>Delivery time of 2-10 business days \/ International shipping.<\/p>\n","protected":false},"featured_media":26392,"comment_status":"closed","ping_status":"closed","template":"","meta":{"pagelayer_contact_templates":[],"_pagelayer_content":""},"product_brand":[],"product_cat":[154],"product_tag":[],"class_list":{"0":"post-25469","1":"product","2":"type-product","3":"status-publish","4":"has-post-thumbnail","6":"product_cat-samsung-smartphones","8":"first","9":"instock","10":"sale","11":"shipping-taxable","12":"purchasable","13":"product-type-simple"},"_links":{"self":[{"href":"https:\/\/regorholding.com\/refurbished-electronics\/wp-json\/wp\/v2\/product\/25469","targetHints":{"allow":["GET"]}}],"collection":[{"href":"https:\/\/regorholding.com\/refurbished-electronics\/wp-json\/wp\/v2\/product"}],"about":[{"href":"https:\/\/regorholding.com\/refurbished-electronics\/wp-json\/wp\/v2\/types\/product"}],"replies":[{"embeddable":true,"href":"https:\/\/regorholding.com\/refurbished-electronics\/wp-json\/wp\/v2\/comments?post=25469"}],"wp:featuredmedia":[{"embeddable":true,"href":"https:\/\/regorholding.com\/refurbished-electronics\/wp-json\/wp\/v2\/media\/26392"}],"wp:attachment":[{"href":"https:\/\/regorholding.com\/refurbished-electronics\/wp-json\/wp\/v2\/media?parent=25469"}],"wp:term":[{"taxonomy":"product_brand","embeddable":true,"href":"https:\/\/regorholding.com\/refurbished-electronics\/wp-json\/wp\/v2\/product_brand?post=25469"},{"taxonomy":"product_cat","embeddable":true,"href":"https:\/\/regorholding.com\/refurbished-electronics\/wp-json\/wp\/v2\/product_cat?post=25469"},{"taxonomy":"product_tag","embeddable":true,"href":"https:\/\/regorholding.com\/refurbished-electronics\/wp-json\/wp\/v2\/product_tag?post=25469"}],"curies":[{"name":"wp","href":"https:\/\/api.w.org\/{rel}","templated":true}]}}