{"id":25472,"date":"2025-07-07T17:41:59","date_gmt":"2025-07-07T17:41:59","guid":{"rendered":"https:\/\/regorholding.com\/refurbished-electronics\/?post_type=product&#038;p=25472"},"modified":"2025-07-07T17:42:00","modified_gmt":"2025-07-07T17:42:00","slug":"samsung-galaxy-a51-128gb-6gb-ram-black","status":"publish","type":"product","link":"https:\/\/regorholding.com\/refurbished-electronics\/product\/samsung-galaxy-a51-128gb-6gb-ram-black\/","title":{"rendered":"Samsung Galaxy A51 128GB 6GB Ram Black"},"content":{"rendered":"<p><strong>SAMSUNG GALAXY A51 128GB 6GB RAM BLACK<\/strong><\/p>\n<ul>\n<li><strong>Screen:<\/strong><br \/> Super AMOLED capacitive touchscreen, 16M colors<br \/> 6.5 inches, 20:9<br \/> 1080 x 2400 pixels<br \/> Pixel density 405 ppi<\/li>\n<\/ul>\n<ul>\n<li><strong>Main Chamber:<\/strong><br \/> Quad, 48 MP (f\/2.0, PDAF, wide) + 12 MP (f\/2.2, ultrawide) + 5 MP (f\/2.4, macro) + 5 MP (f\/2.2, depth).<br \/> Functions: phase detection autofocus, LED flash, AI, geo-tagging, HDR.<br \/> Video recording: 1080p@30fps<\/li>\n<\/ul>\n<ul>\n<li><strong>Frontal camera:<\/strong><br \/> 32 MP, f\/2.2, wide, 1080p, HDR<\/li>\n<\/ul>\n<ul>\n<li><strong>Processor:<\/strong><br \/> Octa Core (Quad 2.3GHz + Quad 1.7GHz).<\/li>\n<\/ul>\n<ul>\n<li><strong>Networks:<\/strong><br \/> 2G GSM 850 \/ 900 \/ 1800 \/ 1900<br \/> 3G HSDPA 850 \/ 900 \/ 1700 (AWS) \/ 1900 \/ 2100<br \/> 4G LTE<br \/> The functions available on the live network depend on the operator\u2019s network situations and the implementation of related services.<\/li>\n<\/ul>\n<ul>\n<li><strong>Connectivity:<\/strong><br \/> Wi-Fi 802.11 a\/b\/g\/n\/ac; Wi-Fi Direct; dual band<br \/> GPS with A-GPS, GLONASS, GALILEO, BDS support<br \/> Bluetooth: v5.0 LE, A2DP<\/li>\n<\/ul>\n<ul>\n<li><strong>Interface:<\/strong><br \/> USB Type-C 2.0<\/li>\n<\/ul>\n<ul>\n<li><strong>Battery:<\/strong><br \/> 4000 mAh non-removable.<\/li>\n<\/ul>\n<p><strong>Purchase content:<\/strong> Samsung Galaxy A51, data cable, 12-month warranty.<\/p>\n<p>By making the purchase, you are confirming that you have read and accepted the terms and conditions described on the official website of <strong>BlackBull Shop<\/strong>.<\/p>\n<p><strong>PERU:<\/strong> Si un cliente est\u00e1 registrado como casa comercializadora deber\u00e1 gestionar su propio certificado de Homologaci\u00f3n, de lo contrario no se podr\u00e1 enviar la orden.<\/p>\n<p>*Registration and guarantee by the seller.<\/p>\n","protected":false},"excerpt":{"rendered":"<ul>\n<li><strong>Screen: 6.5\u2033 Super AMOLED touchscreen<\/strong><\/li>\n<li><strong>Resolution: 1080 x 2400 pixels<\/strong><\/li>\n<li><strong>Storage: 128GB<\/strong><\/li>\n<li><strong>Ram Memory: 6GB<\/strong><\/li>\n<li><strong>Processor: Octa Core (Quad 2.3GHz + Quad 1.7GHz)<\/strong><\/li>\n<li><strong>Camera: Quad, 48MP+12MP +5MP+5MP<\/strong><\/li>\n<li><strong>Front Camera: 32MP<\/strong><\/li>\n<li><strong>Battery: 4000 mAh<\/strong><\/li>\n<li><strong>Operating System: Android 9.0<\/strong><\/li>\n<li><strong>Dimensions: 158.5 x 73.6 x 7.9mm<\/strong><\/li>\n<li><strong>12 month warranty *Terms and Conditions apply<\/strong><\/li>\n<li><strong>Registration and guarantee by the seller<\/strong><\/li>\n<\/ul>\n<p>Delivery time of 2-10 business days \/ International shipping.<\/p>\n","protected":false},"featured_media":26380,"comment_status":"closed","ping_status":"closed","template":"","meta":{"pagelayer_contact_templates":[],"_pagelayer_content":""},"product_brand":[],"product_cat":[154],"product_tag":[],"class_list":{"0":"post-25472","1":"product","2":"type-product","3":"status-publish","4":"has-post-thumbnail","6":"product_cat-samsung-smartphones","8":"first","9":"instock","10":"sale","11":"shipping-taxable","12":"purchasable","13":"product-type-simple"},"_links":{"self":[{"href":"https:\/\/regorholding.com\/refurbished-electronics\/wp-json\/wp\/v2\/product\/25472","targetHints":{"allow":["GET"]}}],"collection":[{"href":"https:\/\/regorholding.com\/refurbished-electronics\/wp-json\/wp\/v2\/product"}],"about":[{"href":"https:\/\/regorholding.com\/refurbished-electronics\/wp-json\/wp\/v2\/types\/product"}],"replies":[{"embeddable":true,"href":"https:\/\/regorholding.com\/refurbished-electronics\/wp-json\/wp\/v2\/comments?post=25472"}],"wp:featuredmedia":[{"embeddable":true,"href":"https:\/\/regorholding.com\/refurbished-electronics\/wp-json\/wp\/v2\/media\/26380"}],"wp:attachment":[{"href":"https:\/\/regorholding.com\/refurbished-electronics\/wp-json\/wp\/v2\/media?parent=25472"}],"wp:term":[{"taxonomy":"product_brand","embeddable":true,"href":"https:\/\/regorholding.com\/refurbished-electronics\/wp-json\/wp\/v2\/product_brand?post=25472"},{"taxonomy":"product_cat","embeddable":true,"href":"https:\/\/regorholding.com\/refurbished-electronics\/wp-json\/wp\/v2\/product_cat?post=25472"},{"taxonomy":"product_tag","embeddable":true,"href":"https:\/\/regorholding.com\/refurbished-electronics\/wp-json\/wp\/v2\/product_tag?post=25472"}],"curies":[{"name":"wp","href":"https:\/\/api.w.org\/{rel}","templated":true}]}}