{"id":25478,"date":"2025-07-07T17:41:43","date_gmt":"2025-07-07T17:41:43","guid":{"rendered":"https:\/\/regorholding.com\/refurbished-electronics\/?post_type=product&#038;p=25478"},"modified":"2025-07-07T17:41:44","modified_gmt":"2025-07-07T17:41:44","slug":"samsung-galaxy-a13-5g-64gb-4gb-ram-black","status":"publish","type":"product","link":"https:\/\/regorholding.com\/refurbished-electronics\/product\/samsung-galaxy-a13-5g-64gb-4gb-ram-black\/","title":{"rendered":"Samsung Galaxy A13 5G 64GB 4GB RAM Black"},"content":{"rendered":"<p><strong>SAMSUNG GALAXY A13 5G 64GB 4GB RAM BLACK<\/strong><\/p>\n<p>The Samsung Galaxy A13 5G is an Android smartphone with a 6.5-inch HD+ screen and 90Hz refresh rate. We find a MediaTek Dimensity 700 processor, accompanied by 4GB of RAM with 64GB of expandable storage. On its back, the Galaxy A13 has a 50MP main camera supported by two 2MP sensors, for macro and depth, respectively. The Galaxy A13 battery is fast charging with a capacity of 5000 mAh, has a side fingerprint reader and runs Android 11.<\/p>\n<ul>\n<li><strong>Display:<\/strong><br \/> TFT PLS capacitive touchscreen, 16M colors<br \/> 5 inches<br \/> 720 x 1600 pixels<\/li>\n<\/ul>\n<ul>\n<li><strong>Main Camera:<\/strong><br \/> Triple, 50 MP (f\/1.8, PDAF, wide) + 2 MP (f\/2.4, macro) + 2 MP (f\/2.4, depth).<br \/> Functions: autofocus, LED flash, geo-tagging, HDR<br \/> Video recording: 1080p@30fps<\/li>\n<\/ul>\n<ul>\n<li><strong>Frontal camera:<\/strong><br \/> 5 MP, f\/2.0, wide, 1080p, HDR<\/li>\n<\/ul>\n<ul>\n<li><strong>Processor:<\/strong> MediaTek MT6833 Dimensity 700 octa-core 2.2GHz.<\/li>\n<\/ul>\n<ul>\n<li><strong>Networks:<\/strong><br \/> 2G GSM 850 \/ 900 \/ 1800 \/ 1900 \u2013 HSDPA ? LTE<br \/> 3G HSDPA 850 \/ 900 \/ 1700(AWS) \/ 1900 \/ 2100<br \/> 4G LTE B1\/B2\/B3\/B4\/B5\/B7\/B8\/B12\/B17\/B20\/B26\/B28\/B32\/B38\/B40\/B41\/B66<br \/> 5G Sub6\/mmWave B2 \/ B5 \/ B66 \/ B77<br \/> The features available on the live network depend on the operator\u2019s network situations and the implementation of related services.<\/li>\n<\/ul>\n<ul>\n<li><strong>Connectivity:<\/strong><br \/> Wi-Fi 802.11 a\/b\/g\/n\/ac; Wi-Fi Direct; dual band<br \/> GPS with A-GPS, GLONASS, GALILEO support<br \/> Bluetooth: v5.0 A2DP, LE<\/li>\n<\/ul>\n<ul>\n<li><strong>Interface:<\/strong><br \/> USB Type C 2.0<\/li>\n<\/ul>\n<ul>\n<li><strong>Battery:<\/strong><br \/> 5000 mAh non-removable.<\/li>\n<\/ul>\n<p><strong>Purchase content:<\/strong> Samsung Galaxy A13 5G, data cable, 12-month warranty.<\/p>\n<p>By making the purchase, you are confirming that you have read and accepted the terms and conditions described on the official website of <strong>BlackBull Shop<\/strong>.<\/p>\n<p><strong>PERU:<\/strong> Si un cliente est\u00e1 registrado como casa comercializadora deber\u00e1 gestionar su propio certificado de Homologaci\u00f3n, de lo contrario no se podr\u00e1 enviar la orden.<\/p>\n<p>*Registration and guarantee by the seller.<\/p>\n","protected":false},"excerpt":{"rendered":"<ul>\n<li><strong>Display: 6.5\u2033 TFT PLS touchscreen<\/strong><\/li>\n<li><strong>Resolution: 720 x 1600 pixels<\/strong><\/li>\n<li><strong>Storage: 64GB<\/strong><\/li>\n<li><strong>RAM memory: 4GB<\/strong><\/li>\n<li><strong>Processor: Mediatek Dimensity 700<\/strong><\/li>\n<li><strong>Camera: Triple, 50MP+2MP+2MP<\/strong><\/li>\n<li><strong>Front Camera: 5MP<\/strong><\/li>\n<li><strong>Battery: 5000 mAh<\/strong><\/li>\n<li><strong>Operating System: Android 11<\/strong><\/li>\n<li><strong>Dimensions: 164.5 x 76.5 x 8.8mm<\/strong><\/li>\n<li><strong>12 month warranty *Terms and Conditions apply<\/strong><\/li>\n<li><strong>Registration and guarantee by the seller<\/strong><\/li>\n<\/ul>\n<p>Delivery time of 2-10 business days \/ International shipping.<\/p>\n","protected":false},"featured_media":26356,"comment_status":"closed","ping_status":"closed","template":"","meta":{"pagelayer_contact_templates":[],"_pagelayer_content":""},"product_brand":[],"product_cat":[154],"product_tag":[],"class_list":{"0":"post-25478","1":"product","2":"type-product","3":"status-publish","4":"has-post-thumbnail","6":"product_cat-samsung-smartphones","8":"first","9":"instock","10":"sale","11":"shipping-taxable","12":"purchasable","13":"product-type-simple"},"_links":{"self":[{"href":"https:\/\/regorholding.com\/refurbished-electronics\/wp-json\/wp\/v2\/product\/25478","targetHints":{"allow":["GET"]}}],"collection":[{"href":"https:\/\/regorholding.com\/refurbished-electronics\/wp-json\/wp\/v2\/product"}],"about":[{"href":"https:\/\/regorholding.com\/refurbished-electronics\/wp-json\/wp\/v2\/types\/product"}],"replies":[{"embeddable":true,"href":"https:\/\/regorholding.com\/refurbished-electronics\/wp-json\/wp\/v2\/comments?post=25478"}],"wp:featuredmedia":[{"embeddable":true,"href":"https:\/\/regorholding.com\/refurbished-electronics\/wp-json\/wp\/v2\/media\/26356"}],"wp:attachment":[{"href":"https:\/\/regorholding.com\/refurbished-electronics\/wp-json\/wp\/v2\/media?parent=25478"}],"wp:term":[{"taxonomy":"product_brand","embeddable":true,"href":"https:\/\/regorholding.com\/refurbished-electronics\/wp-json\/wp\/v2\/product_brand?post=25478"},{"taxonomy":"product_cat","embeddable":true,"href":"https:\/\/regorholding.com\/refurbished-electronics\/wp-json\/wp\/v2\/product_cat?post=25478"},{"taxonomy":"product_tag","embeddable":true,"href":"https:\/\/regorholding.com\/refurbished-electronics\/wp-json\/wp\/v2\/product_tag?post=25478"}],"curies":[{"name":"wp","href":"https:\/\/api.w.org\/{rel}","templated":true}]}}