{"id":26020,"date":"2025-07-07T17:41:20","date_gmt":"2025-07-07T17:41:20","guid":{"rendered":"https:\/\/regorholding.com\/refurbished-electronics\/?post_type=product&#038;p=26020"},"modified":"2025-07-07T17:41:22","modified_gmt":"2025-07-07T17:41:22","slug":"samsung-galaxy-note-20-5g-256gb-8gb-ram-bronze","status":"publish","type":"product","link":"https:\/\/regorholding.com\/refurbished-electronics\/product\/samsung-galaxy-note-20-5g-256gb-8gb-ram-bronze\/","title":{"rendered":"Samsung Galaxy Note 20 5G 256GB 8GB RAM Bronze"},"content":{"rendered":"<p><strong>SAMSUNG GALAXY NOTE 20 256GB BRONZE<\/strong><\/p>\n<ul>\n<li><strong>Display<\/strong>:<br \/> The screen is Samsung\u2019s strong point and here we find an Infinity-O Display SuperAMOLED panel with a resolution of 2,400 x 1,080 pixels. The refresh rate is 60 Hz and is HDR10 + certified.<\/li>\n<\/ul>\n<ul>\n<li><strong>Main Camera:<\/strong><br \/> The Note 20 features a three-camera setup. The main one is a 12 megapixel sensor with a 1.8 micron pixel size and optical stabilization. It is accompanied by a 64-megapixel f \/ 3.0 telephoto, also stabilized, which is capable of offering three hybrid magnifications. The third sensor is a 12 megapixel wide angle.<br \/> Video recording resolution<br \/> UHD 8K (7680 x 4320) @ 24fps<\/li>\n<\/ul>\n<ul>\n<li><strong>Frontal camera:<\/strong><br \/> On the front we have a 10 megapixel camera with Dual Pixel focus.<\/li>\n<\/ul>\n<ul>\n<li><strong>Supported audio formats:<\/strong><br \/> MP3 \/ eAAC + \/ WAV \/ FLAC audio player<\/li>\n<\/ul>\n<ul>\n<li><strong>Supported video formats:<\/strong><br \/> 8K @ 24fps, 4K @ 30 \/ 60fps, 1080p @ 30\/60 \/ 240fps, 720p @ 960fps, EIS, OIS, stereo recording, HDR10 +<\/li>\n<\/ul>\n<ul>\n<li><strong>Design:<\/strong><br \/> Color Bronze<br \/> Professional design<\/li>\n<\/ul>\n<ul>\n<li><strong>Connectivity:<br \/> <\/strong>Single SIM<br \/> Wi-Fi 802.11 a \/ b \/ g \/ n \/ ac \/ ax; Wi-Fi Direct; dual band<br \/> Bluetooth v5.0 LE, A2DP, aptX<br \/> GPS with A-GPS, BDS, GALILEO support<br \/> USB Type-C 3.2, OTG<br \/> NFC<\/li>\n<\/ul>\n<ul>\n<li><strong>Interface:<\/strong><br \/> USB Type-C<br \/> USB 3.2 Gen 1<\/li>\n<\/ul>\n<ul>\n<li><strong>Battery:<\/strong><br \/> The Galaxy Note 20\u2019s battery is 4,300 mAh and it supports fast charging. In addition, we can charge the mobile with a QI Wireless Charging 2.0 charger and charge other devices at 4.5 W with a reverse charge that is valid for, for example, giving life to a watch or true wireless headphones.<\/li>\n<\/ul>\n<p>\u00a0<\/p>\n<p><strong>Purchase content:<\/strong> Samsung Galaxy Note 20 5G, Data Cable, 12-month warranty.<\/p>\n<p>By making the purchase, you are confirming that you have read and accepted the terms and conditions described on the official website of <strong>BlackBull Shop<\/strong>.<\/p>\n<p><strong>PERU:<\/strong> Si un cliente est\u00e1 registrado como casa comercializadora deber\u00e1 gestionar su propio certificado de Homologaci\u00f3n, de lo contrario no se podr\u00e1 enviar la orden.<\/p>\n","protected":false},"excerpt":{"rendered":"<ul>\n<li><strong>Display: 6.7 \u2033 SuperAMOLED<\/strong><\/li>\n<li><strong>Resolution: 2400 x 1080 pixels<\/strong><\/li>\n<li><strong>Processor: Snapdragon 865+<\/strong><\/li>\n<li><strong>Storage: 256GB<\/strong><\/li>\n<li><strong>RAM memory: 8GB<\/strong><\/li>\n<li><strong>Camera: 12.0 MP + 12.0 MP + 64.0 MP<\/strong><\/li>\n<li><strong>Front Camera: 10 MP (f \/ 2.2)<\/strong><\/li>\n<li><strong>Battery: 4300mAh (non-removable)<\/strong><\/li>\n<li><strong>Operating System: Android 10<\/strong><\/li>\n<li><strong>Dimensions: 161.6 x 75.2 x 8.3 mm<\/strong><\/li>\n<li><strong>12-month warranty * Terms and Conditions apply.<\/strong><\/li>\n<li><strong>Registration and guarantee by the seller<\/strong><\/li>\n<\/ul>\n<p>Delivery time of 2-10 business days \/ International shipping.<\/p>\n","protected":false},"featured_media":26304,"comment_status":"closed","ping_status":"closed","template":"","meta":{"pagelayer_contact_templates":[],"_pagelayer_content":""},"product_brand":[],"product_cat":[154],"product_tag":[],"class_list":{"0":"post-26020","1":"product","2":"type-product","3":"status-publish","4":"has-post-thumbnail","6":"product_cat-samsung-smartphones","8":"first","9":"instock","10":"sale","11":"shipping-taxable","12":"purchasable","13":"product-type-simple"},"_links":{"self":[{"href":"https:\/\/regorholding.com\/refurbished-electronics\/wp-json\/wp\/v2\/product\/26020","targetHints":{"allow":["GET"]}}],"collection":[{"href":"https:\/\/regorholding.com\/refurbished-electronics\/wp-json\/wp\/v2\/product"}],"about":[{"href":"https:\/\/regorholding.com\/refurbished-electronics\/wp-json\/wp\/v2\/types\/product"}],"replies":[{"embeddable":true,"href":"https:\/\/regorholding.com\/refurbished-electronics\/wp-json\/wp\/v2\/comments?post=26020"}],"wp:featuredmedia":[{"embeddable":true,"href":"https:\/\/regorholding.com\/refurbished-electronics\/wp-json\/wp\/v2\/media\/26304"}],"wp:attachment":[{"href":"https:\/\/regorholding.com\/refurbished-electronics\/wp-json\/wp\/v2\/media?parent=26020"}],"wp:term":[{"taxonomy":"product_brand","embeddable":true,"href":"https:\/\/regorholding.com\/refurbished-electronics\/wp-json\/wp\/v2\/product_brand?post=26020"},{"taxonomy":"product_cat","embeddable":true,"href":"https:\/\/regorholding.com\/refurbished-electronics\/wp-json\/wp\/v2\/product_cat?post=26020"},{"taxonomy":"product_tag","embeddable":true,"href":"https:\/\/regorholding.com\/refurbished-electronics\/wp-json\/wp\/v2\/product_tag?post=26020"}],"curies":[{"name":"wp","href":"https:\/\/api.w.org\/{rel}","templated":true}]}}