{"id":9692,"date":"2025-07-07T17:53:33","date_gmt":"2025-07-07T17:53:33","guid":{"rendered":"https:\/\/regorholding.com\/refurbished-electronics\/?post_type=product&#038;p=9692"},"modified":"2025-07-07T17:53:34","modified_gmt":"2025-07-07T17:53:34","slug":"smart-portable-mini-projector-m6","status":"publish","type":"product","link":"https:\/\/regorholding.com\/refurbished-electronics\/product\/smart-portable-mini-projector-m6\/","title":{"rendered":"Smart Portable Mini Projector M6"},"content":{"rendered":"<p><strong>SMART PORTABLE MINI-PROJECTOR M6<\/strong><\/p>\n<ul class=\"wp-block-list\">\n<li><strong>Projection Range:<\/strong> <br \/>1.19: 1, Front Projection<\/li>\n<\/ul>\n<ul>\n<li><strong>Projection Area:<\/strong> <br \/>30 to 120 Inches, 1 to 5MT away<br \/>Bulb Life: 20,000 Hours Approximately<\/li>\n<\/ul>\n<ul>\n<li><strong>Processor:<\/strong> <br \/>RK3128, Quad-core ARM COrtex-A7 up to 1.2 GHz<\/li>\n<\/ul>\n<ul>\n<li><strong>Buffer Memory:<\/strong>\u00a0<br \/>1GB DDR3<\/li>\n<\/ul>\n<ul>\n<li><strong>Compatible Video:\u00a0<\/strong><br \/>H.263, H.264, H.265, VC-1, RV, VP6\/ VP8, Sorenson Spark, MVC MPEG-1, MPEG-2, MPEG-4<\/li>\n<\/ul>\n<ul>\n<li><strong>Compatible Audio:<\/strong><br \/>MP3, WMA, MP2, OGG, AAC, M4A, MA4, FLAC, APE, 3GP, WAV<\/li>\n<\/ul>\n<ul>\n<li><strong>Storage:<\/strong>\u00a08GB<\/li>\n<\/ul>\n<ul>\n<li><strong>Expanded Storage:<\/strong> TF Card (up to 32GB) and Hard Drive (Up to 16GB)<\/li>\n<\/ul>\n<ul>\n<li><strong>Ports:<\/strong><br \/>1 HDMI 1.4<br \/>2 USB 2.0<br \/>Bluetooth 4.0<br \/>Wi-fi 2.4G &#038; 5.8G dual-band<br \/>1 Salida de Audio 3.5mm (Para aud\u00edfonos o parlantes)<\/li>\n<\/ul>\n<ul>\n<li><strong>Battery:<\/strong>\u00a0<br \/>Built-in 3.7V battery<br \/>Total consumption 6W<br \/>Power Adapter: 5V 2.5A<\/li>\n<\/ul>\n<ul>\n<li><strong>Color:<\/strong> White<\/li>\n<\/ul>\n<p>\u00a0<\/p>\n<p><strong>Purchase content:<\/strong> M6 Portable Mini-Projector, Power cord, 12-month warranty.<\/p>\n<p>By making the purchase, you are confirming that you have read and accepted the terms and conditions described on the official website of <strong>BlackBull Shop<\/strong>.<\/p>\n<p><strong>PERU:<\/strong>\u00a0 Si un cliente est\u00e1 registrado como casa comercializadora deber\u00e1 gestionar su propio certificado de Homologaci\u00f3n, de lo contrario no se podr\u00e1 enviar la orden.<\/p>\n","protected":false},"excerpt":{"rendered":"<ul>\n<li><strong>DLP Projection Technology<\/strong><\/li>\n<li><strong>Light Range 50 Lumen<\/strong><\/li>\n<li><strong>LED Light Type<\/strong><\/li>\n<li><strong>Projection Distance 1 to 5MT<\/strong><\/li>\n<li><strong>Projection Type Front Projection<\/strong><\/li>\n<li><strong>Resolution Standard WVGA 854 X 480<\/strong><\/li>\n<li><strong>Android 4.4 OS<\/strong><\/li>\n<li><strong>Size 14,8cm x 8,3cm x 1,8 cm<\/strong><\/li>\n<li><strong>12 Month Warranty * Terms and Conditions Apply<\/strong><\/li>\n<li><strong>Registration and guarantee by the seller.<\/strong><\/li>\n<\/ul>\n<div class=\"woocommerce-product-details__short-description\">\n<p>Delivery time 2-10 business days \/ International shipping<\/p>\n<\/p><\/div>\n","protected":false},"featured_media":27833,"comment_status":"closed","ping_status":"closed","template":"","meta":{"pagelayer_contact_templates":[],"_pagelayer_content":""},"product_brand":[],"product_cat":[163],"product_tag":[],"class_list":{"0":"post-9692","1":"product","2":"type-product","3":"status-publish","4":"has-post-thumbnail","6":"product_cat-portable-projectors-projectors","8":"first","9":"instock","10":"sale","11":"shipping-taxable","12":"purchasable","13":"product-type-simple"},"_links":{"self":[{"href":"https:\/\/regorholding.com\/refurbished-electronics\/wp-json\/wp\/v2\/product\/9692","targetHints":{"allow":["GET"]}}],"collection":[{"href":"https:\/\/regorholding.com\/refurbished-electronics\/wp-json\/wp\/v2\/product"}],"about":[{"href":"https:\/\/regorholding.com\/refurbished-electronics\/wp-json\/wp\/v2\/types\/product"}],"replies":[{"embeddable":true,"href":"https:\/\/regorholding.com\/refurbished-electronics\/wp-json\/wp\/v2\/comments?post=9692"}],"wp:featuredmedia":[{"embeddable":true,"href":"https:\/\/regorholding.com\/refurbished-electronics\/wp-json\/wp\/v2\/media\/27833"}],"wp:attachment":[{"href":"https:\/\/regorholding.com\/refurbished-electronics\/wp-json\/wp\/v2\/media?parent=9692"}],"wp:term":[{"taxonomy":"product_brand","embeddable":true,"href":"https:\/\/regorholding.com\/refurbished-electronics\/wp-json\/wp\/v2\/product_brand?post=9692"},{"taxonomy":"product_cat","embeddable":true,"href":"https:\/\/regorholding.com\/refurbished-electronics\/wp-json\/wp\/v2\/product_cat?post=9692"},{"taxonomy":"product_tag","embeddable":true,"href":"https:\/\/regorholding.com\/refurbished-electronics\/wp-json\/wp\/v2\/product_tag?post=9692"}],"curies":[{"name":"wp","href":"https:\/\/api.w.org\/{rel}","templated":true}]}}